{"id":12102,"date":"2022-10-17T21:36:17","date_gmt":"2022-10-17T18:36:17","guid":{"rendered":"https:\/\/sabitmobilya.com\/sabit\/?page_id=12102"},"modified":"2022-11-01T11:57:33","modified_gmt":"2022-11-01T08:57:33","slug":"vizyonumuz","status":"publish","type":"page","link":"https:\/\/sabitmobilya.com\/index.php\/vizyonumuz\/","title":{"rendered":"Vizyonumuz"},"content":{"rendered":"<section class=\"wpb-content-wrapper\"><p>[vc_row][vc_column]\t\t<div class=\"ts-single-image ts-effect-image eff-widespread-corner-left-right\">\n\t\t\t<a title=\"\" target=\"_self\" class=\"image-link\" href=\"\" >\n\t\t\t\t<img loading=\"lazy\" decoding=\"async\" width=\"1150\" height=\"278\" src=\"https:\/\/sabitmobilya.com\/wp-content\/uploads\/2022\/10\/vizyon-banner.jpg\" class=\"img\" alt=\"\" srcset=\"https:\/\/sabitmobilya.com\/wp-content\/uploads\/2022\/10\/vizyon-banner.jpg 1150w, https:\/\/sabitmobilya.com\/wp-content\/uploads\/2022\/10\/vizyon-banner-300x73.jpg 300w, https:\/\/sabitmobilya.com\/wp-content\/uploads\/2022\/10\/vizyon-banner-1024x248.jpg 1024w, https:\/\/sabitmobilya.com\/wp-content\/uploads\/2022\/10\/vizyon-banner-768x186.jpg 768w, https:\/\/sabitmobilya.com\/wp-content\/uploads\/2022\/10\/vizyon-banner-900x218.jpg 900w\" sizes=\"auto, (max-width: 1150px) 100vw, 1150px\" \/> \n\t\t\t\t<span class=\"overlay\" style=\"background:#000000;border-color:#000000\"><\/span>\n\t\t\t<\/a>\n\t\t<\/div>\n\t\t[\/vc_column][\/vc_row]<\/p>\n\r\n\r\n\r\n<div class=\"wp-block-spacer\" style=\"height: 35px;\" aria-hidden=\"true\">\u00a0<\/div>\r\n\r\n\r\n\r\n<div class=\"wp-block-columns is-layout-flex wp-container-core-columns-is-layout-9d6595d7 wp-block-columns-is-layout-flex\">\r\n<div class=\"wp-block-column hakkimizdaBlok is-layout-flow wp-block-column-is-layout-flow\">\r\n<p><strong>Vizyonumuz :<\/strong> Kalitemiz kaybetmeden ve kalite seviyemiz en y\u00fcksek seviye ta\u015f\u0131yarak ve yeni teknoloji makinalar kullanarak mobilya dekorasyon sekt\u00f6r\u00fcnde ki ge\u00e7mi\u015fimiz ve bununla beraber miras edindi\u011fimiz g\u00fcvenilirlik, sadakat, devaml\u0131l\u0131k ve sayg\u0131nl\u0131\u011f\u0131 devam ettirerek\u00a0 sekt\u00f6r\u00fcnde lider markas\u0131 olarak s\u00fcrd\u00fcrmek.<\/p>\r\n\r\n\r\n\r\n<p>Misyon : \u0130nsanlar\u0131n ya\u015famlar\u0131n\u0131\u00a0rahatl\u0131k katk\u0131da bulunan yeni \u00fcr\u00fcnler ve tasar\u0131mlar\u0131yla mobilya dekorasyon sekt\u00f6r\u00fcne ilham vermek. \u00a0<\/p>\r\n<\/div>\r\n<\/div>\r\n<\/section>","protected":false},"excerpt":{"rendered":"<p>Vizyonumuz : Kalitemiz kaybetmeden ve kalite seviyemiz en y\u00fcksek seviye ta\u015f\u0131yarak ve yeni teknoloji makinalar kullanarak mobilya dekorasyon sekt\u00f6r\u00fcnde ki ge\u00e7mi\u015fimiz ve bununla beraber miras edindi\u011fimiz g\u00fcvenilirlik, sadakat, devaml\u0131l\u0131k ve sayg\u0131nl\u0131\u011f\u0131 devam ettirerek\u00a0 sekt\u00f6r\u00fcnde lider markas\u0131 olarak s\u00fcrd\u00fcrmek. Misyon : \u0130nsanlar\u0131n ya\u015famlar\u0131n\u0131\u00a0rahatl\u0131k katk\u0131da bulunan yeni \u00fcr\u00fcnler ve tasar\u0131mlar\u0131yla mobilya dekorasyon sekt\u00f6r\u00fcne ilham vermek. \u00a0<\/p>\n","protected":false},"author":1,"featured_media":0,"parent":0,"menu_order":0,"comment_status":"closed","ping_status":"closed","template":"","meta":{"footnotes":""},"class_list":["post-12102","page","type-page","status-publish","hentry"],"_links":{"self":[{"href":"https:\/\/sabitmobilya.com\/index.php\/wp-json\/wp\/v2\/pages\/12102","targetHints":{"allow":["GET"]}}],"collection":[{"href":"https:\/\/sabitmobilya.com\/index.php\/wp-json\/wp\/v2\/pages"}],"about":[{"href":"https:\/\/sabitmobilya.com\/index.php\/wp-json\/wp\/v2\/types\/page"}],"author":[{"embeddable":true,"href":"https:\/\/sabitmobilya.com\/index.php\/wp-json\/wp\/v2\/users\/1"}],"replies":[{"embeddable":true,"href":"https:\/\/sabitmobilya.com\/index.php\/wp-json\/wp\/v2\/comments?post=12102"}],"version-history":[{"count":8,"href":"https:\/\/sabitmobilya.com\/index.php\/wp-json\/wp\/v2\/pages\/12102\/revisions"}],"predecessor-version":[{"id":12845,"href":"https:\/\/sabitmobilya.com\/index.php\/wp-json\/wp\/v2\/pages\/12102\/revisions\/12845"}],"wp:attachment":[{"href":"https:\/\/sabitmobilya.com\/index.php\/wp-json\/wp\/v2\/media?parent=12102"}],"curies":[{"name":"wp","href":"https:\/\/api.w.org\/{rel}","templated":true}]}}