{"id":12299,"date":"2022-10-25T11:28:03","date_gmt":"2022-10-25T08:28:03","guid":{"rendered":"https:\/\/sabitmobilya.com\/sabit\/?page_id=12299"},"modified":"2022-10-25T11:28:04","modified_gmt":"2022-10-25T08:28:04","slug":"g-ketenci-guzelbahce-basamak-ve-kupeste","status":"publish","type":"page","link":"https:\/\/sabitmobilya.com\/index.php\/g-ketenci-guzelbahce-basamak-ve-kupeste\/","title":{"rendered":"G.Ketenci G\u00fczelbah\u00e7e Basamak ve K\u00fcpe\u015fte"},"content":{"rendered":"<section class=\"wpb-content-wrapper\"><p>[vc_row][vc_column]\t\t<div class=\"ts-image-gallery-wrapper ts-shortcode   has-margin columns-5\" >\n\t\t\t\t\t\t<header class=\"shortcode-heading-wrapper\">\n\t\t\t\t<h3 class=\"heading-title\">G.Ketenci G\u00fczelbah\u00e7e Basamak ve K\u00fcpe\u015fte<\/h3>\n\t\t\t<\/header>\n\t\t\t\t\t\t<div class=\"images \">\n\t\t\t\t\t\t\t\t<div class=\"item first\">\n\t\t\t\t\t<a class=\"prettyphoto\" href=\"https:\/\/sabitmobilya.com\/wp-content\/uploads\/2022\/10\/IMG_1321.jpg\" data-rel=\"prettyPhoto[ts-gallery-1551200660]\" ><img loading=\"lazy\" decoding=\"async\" width=\"150\" height=\"150\" src=\"https:\/\/sabitmobilya.com\/wp-content\/uploads\/2022\/10\/IMG_1321-150x150.jpg\" class=\"attachment-thumbnail size-thumbnail\" alt=\"\" srcset=\"https:\/\/sabitmobilya.com\/wp-content\/uploads\/2022\/10\/IMG_1321-150x150.jpg 150w, https:\/\/sabitmobilya.com\/wp-content\/uploads\/2022\/10\/IMG_1321-400x400.jpg 400w, https:\/\/sabitmobilya.com\/wp-content\/uploads\/2022\/10\/IMG_1321-100x100.jpg 100w, https:\/\/sabitmobilya.com\/wp-content\/uploads\/2022\/10\/IMG_1321-30x30.jpg 30w, https:\/\/sabitmobilya.com\/wp-content\/uploads\/2022\/10\/IMG_1321-40x40.jpg 40w\" sizes=\"auto, (max-width: 150px) 100vw, 150px\" \/><\/a>\t\t\t\t<\/div>\n\t\t\t\t\t\t\t\t<div class=\"item \">\n\t\t\t\t\t<a class=\"prettyphoto\" href=\"https:\/\/sabitmobilya.com\/wp-content\/uploads\/2022\/10\/IMG_1322.jpg\" data-rel=\"prettyPhoto[ts-gallery-1551200660]\" ><img loading=\"lazy\" decoding=\"async\" width=\"150\" height=\"150\" src=\"https:\/\/sabitmobilya.com\/wp-content\/uploads\/2022\/10\/IMG_1322-150x150.jpg\" class=\"attachment-thumbnail size-thumbnail\" alt=\"\" srcset=\"https:\/\/sabitmobilya.com\/wp-content\/uploads\/2022\/10\/IMG_1322-150x150.jpg 150w, https:\/\/sabitmobilya.com\/wp-content\/uploads\/2022\/10\/IMG_1322-400x400.jpg 400w, https:\/\/sabitmobilya.com\/wp-content\/uploads\/2022\/10\/IMG_1322-100x100.jpg 100w, https:\/\/sabitmobilya.com\/wp-content\/uploads\/2022\/10\/IMG_1322-30x30.jpg 30w, https:\/\/sabitmobilya.com\/wp-content\/uploads\/2022\/10\/IMG_1322-40x40.jpg 40w\" sizes=\"auto, (max-width: 150px) 100vw, 150px\" \/><\/a>\t\t\t\t<\/div>\n\t\t\t\t\t\t\t\t<div class=\"item \">\n\t\t\t\t\t<a class=\"prettyphoto\" href=\"https:\/\/sabitmobilya.com\/wp-content\/uploads\/2022\/10\/IMG_1323.jpg\" data-rel=\"prettyPhoto[ts-gallery-1551200660]\" ><img loading=\"lazy\" decoding=\"async\" width=\"150\" height=\"150\" src=\"https:\/\/sabitmobilya.com\/wp-content\/uploads\/2022\/10\/IMG_1323-150x150.jpg\" class=\"attachment-thumbnail size-thumbnail\" alt=\"\" srcset=\"https:\/\/sabitmobilya.com\/wp-content\/uploads\/2022\/10\/IMG_1323-150x150.jpg 150w, https:\/\/sabitmobilya.com\/wp-content\/uploads\/2022\/10\/IMG_1323-400x400.jpg 400w, https:\/\/sabitmobilya.com\/wp-content\/uploads\/2022\/10\/IMG_1323-100x100.jpg 100w, https:\/\/sabitmobilya.com\/wp-content\/uploads\/2022\/10\/IMG_1323-30x30.jpg 30w, https:\/\/sabitmobilya.com\/wp-content\/uploads\/2022\/10\/IMG_1323-40x40.jpg 40w\" sizes=\"auto, (max-width: 150px) 100vw, 150px\" \/><\/a>\t\t\t\t<\/div>\n\t\t\t\t\t\t\t\t<div class=\"item \">\n\t\t\t\t\t<a class=\"prettyphoto\" href=\"https:\/\/sabitmobilya.com\/wp-content\/uploads\/2022\/10\/IMG_1324.jpg\" data-rel=\"prettyPhoto[ts-gallery-1551200660]\" ><img loading=\"lazy\" decoding=\"async\" width=\"150\" height=\"150\" src=\"https:\/\/sabitmobilya.com\/wp-content\/uploads\/2022\/10\/IMG_1324-150x150.jpg\" class=\"attachment-thumbnail size-thumbnail\" alt=\"\" srcset=\"https:\/\/sabitmobilya.com\/wp-content\/uploads\/2022\/10\/IMG_1324-150x150.jpg 150w, https:\/\/sabitmobilya.com\/wp-content\/uploads\/2022\/10\/IMG_1324-400x400.jpg 400w, https:\/\/sabitmobilya.com\/wp-content\/uploads\/2022\/10\/IMG_1324-100x100.jpg 100w, https:\/\/sabitmobilya.com\/wp-content\/uploads\/2022\/10\/IMG_1324-30x30.jpg 30w, https:\/\/sabitmobilya.com\/wp-content\/uploads\/2022\/10\/IMG_1324-40x40.jpg 40w\" sizes=\"auto, (max-width: 150px) 100vw, 150px\" \/><\/a>\t\t\t\t<\/div>\n\t\t\t\t\t\t\t\t<div class=\"item last\">\n\t\t\t\t\t<a class=\"prettyphoto\" href=\"https:\/\/sabitmobilya.com\/wp-content\/uploads\/2022\/10\/IMG_1325.jpg\" data-rel=\"prettyPhoto[ts-gallery-1551200660]\" ><img loading=\"lazy\" decoding=\"async\" width=\"150\" height=\"150\" src=\"https:\/\/sabitmobilya.com\/wp-content\/uploads\/2022\/10\/IMG_1325-150x150.jpg\" class=\"attachment-thumbnail size-thumbnail\" alt=\"\" srcset=\"https:\/\/sabitmobilya.com\/wp-content\/uploads\/2022\/10\/IMG_1325-150x150.jpg 150w, https:\/\/sabitmobilya.com\/wp-content\/uploads\/2022\/10\/IMG_1325-400x400.jpg 400w, https:\/\/sabitmobilya.com\/wp-content\/uploads\/2022\/10\/IMG_1325-100x100.jpg 100w, https:\/\/sabitmobilya.com\/wp-content\/uploads\/2022\/10\/IMG_1325-30x30.jpg 30w, https:\/\/sabitmobilya.com\/wp-content\/uploads\/2022\/10\/IMG_1325-40x40.jpg 40w\" sizes=\"auto, (max-width: 150px) 100vw, 150px\" \/><\/a>\t\t\t\t<\/div>\n\t\t\t\t\t\t\t\t<div class=\"item first\">\n\t\t\t\t\t<a class=\"prettyphoto\" href=\"https:\/\/sabitmobilya.com\/wp-content\/uploads\/2022\/10\/IMG_1326.jpg\" data-rel=\"prettyPhoto[ts-gallery-1551200660]\" ><img loading=\"lazy\" decoding=\"async\" width=\"150\" height=\"150\" src=\"https:\/\/sabitmobilya.com\/wp-content\/uploads\/2022\/10\/IMG_1326-150x150.jpg\" class=\"attachment-thumbnail size-thumbnail\" alt=\"\" srcset=\"https:\/\/sabitmobilya.com\/wp-content\/uploads\/2022\/10\/IMG_1326-150x150.jpg 150w, https:\/\/sabitmobilya.com\/wp-content\/uploads\/2022\/10\/IMG_1326-400x400.jpg 400w, https:\/\/sabitmobilya.com\/wp-content\/uploads\/2022\/10\/IMG_1326-100x100.jpg 100w, https:\/\/sabitmobilya.com\/wp-content\/uploads\/2022\/10\/IMG_1326-30x30.jpg 30w, https:\/\/sabitmobilya.com\/wp-content\/uploads\/2022\/10\/IMG_1326-40x40.jpg 40w\" sizes=\"auto, (max-width: 150px) 100vw, 150px\" \/><\/a>\t\t\t\t<\/div>\n\t\t\t\t\t\t\t\t<div class=\"item \">\n\t\t\t\t\t<a class=\"prettyphoto\" href=\"https:\/\/sabitmobilya.com\/wp-content\/uploads\/2022\/10\/IMG_1327.jpg\" data-rel=\"prettyPhoto[ts-gallery-1551200660]\" ><img loading=\"lazy\" decoding=\"async\" width=\"150\" height=\"150\" src=\"https:\/\/sabitmobilya.com\/wp-content\/uploads\/2022\/10\/IMG_1327-150x150.jpg\" class=\"attachment-thumbnail size-thumbnail\" alt=\"\" srcset=\"https:\/\/sabitmobilya.com\/wp-content\/uploads\/2022\/10\/IMG_1327-150x150.jpg 150w, https:\/\/sabitmobilya.com\/wp-content\/uploads\/2022\/10\/IMG_1327-400x400.jpg 400w, https:\/\/sabitmobilya.com\/wp-content\/uploads\/2022\/10\/IMG_1327-100x100.jpg 100w, https:\/\/sabitmobilya.com\/wp-content\/uploads\/2022\/10\/IMG_1327-30x30.jpg 30w, https:\/\/sabitmobilya.com\/wp-content\/uploads\/2022\/10\/IMG_1327-40x40.jpg 40w\" sizes=\"auto, (max-width: 150px) 100vw, 150px\" \/><\/a>\t\t\t\t<\/div>\n\t\t\t\t\t\t\t\t<div class=\"item \">\n\t\t\t\t\t<a class=\"prettyphoto\" href=\"https:\/\/sabitmobilya.com\/wp-content\/uploads\/2022\/10\/IMG_1329.jpg\" data-rel=\"prettyPhoto[ts-gallery-1551200660]\" ><img loading=\"lazy\" decoding=\"async\" width=\"150\" height=\"150\" src=\"https:\/\/sabitmobilya.com\/wp-content\/uploads\/2022\/10\/IMG_1329-150x150.jpg\" class=\"attachment-thumbnail size-thumbnail\" alt=\"\" srcset=\"https:\/\/sabitmobilya.com\/wp-content\/uploads\/2022\/10\/IMG_1329-150x150.jpg 150w, https:\/\/sabitmobilya.com\/wp-content\/uploads\/2022\/10\/IMG_1329-400x400.jpg 400w, https:\/\/sabitmobilya.com\/wp-content\/uploads\/2022\/10\/IMG_1329-100x100.jpg 100w, https:\/\/sabitmobilya.com\/wp-content\/uploads\/2022\/10\/IMG_1329-30x30.jpg 30w, https:\/\/sabitmobilya.com\/wp-content\/uploads\/2022\/10\/IMG_1329-40x40.jpg 40w\" sizes=\"auto, (max-width: 150px) 100vw, 150px\" \/><\/a>\t\t\t\t<\/div>\n\t\t\t\t\t\t\t\t<div class=\"item \">\n\t\t\t\t\t<a class=\"prettyphoto\" href=\"https:\/\/sabitmobilya.com\/wp-content\/uploads\/2022\/10\/IMG_1330.jpg\" data-rel=\"prettyPhoto[ts-gallery-1551200660]\" ><img loading=\"lazy\" decoding=\"async\" width=\"150\" height=\"150\" src=\"https:\/\/sabitmobilya.com\/wp-content\/uploads\/2022\/10\/IMG_1330-150x150.jpg\" class=\"attachment-thumbnail size-thumbnail\" alt=\"\" srcset=\"https:\/\/sabitmobilya.com\/wp-content\/uploads\/2022\/10\/IMG_1330-150x150.jpg 150w, https:\/\/sabitmobilya.com\/wp-content\/uploads\/2022\/10\/IMG_1330-400x400.jpg 400w, https:\/\/sabitmobilya.com\/wp-content\/uploads\/2022\/10\/IMG_1330-100x100.jpg 100w, https:\/\/sabitmobilya.com\/wp-content\/uploads\/2022\/10\/IMG_1330-30x30.jpg 30w, https:\/\/sabitmobilya.com\/wp-content\/uploads\/2022\/10\/IMG_1330-40x40.jpg 40w\" sizes=\"auto, (max-width: 150px) 100vw, 150px\" \/><\/a>\t\t\t\t<\/div>\n\t\t\t\t\t\t\t\t<div class=\"item last\">\n\t\t\t\t\t<a class=\"prettyphoto\" href=\"https:\/\/sabitmobilya.com\/wp-content\/uploads\/2022\/10\/IMG_1343.jpg\" data-rel=\"prettyPhoto[ts-gallery-1551200660]\" ><img loading=\"lazy\" decoding=\"async\" width=\"150\" height=\"150\" src=\"https:\/\/sabitmobilya.com\/wp-content\/uploads\/2022\/10\/IMG_1343-150x150.jpg\" class=\"attachment-thumbnail size-thumbnail\" alt=\"\" srcset=\"https:\/\/sabitmobilya.com\/wp-content\/uploads\/2022\/10\/IMG_1343-150x150.jpg 150w, https:\/\/sabitmobilya.com\/wp-content\/uploads\/2022\/10\/IMG_1343-400x400.jpg 400w, https:\/\/sabitmobilya.com\/wp-content\/uploads\/2022\/10\/IMG_1343-100x100.jpg 100w, https:\/\/sabitmobilya.com\/wp-content\/uploads\/2022\/10\/IMG_1343-30x30.jpg 30w, https:\/\/sabitmobilya.com\/wp-content\/uploads\/2022\/10\/IMG_1343-40x40.jpg 40w\" sizes=\"auto, (max-width: 150px) 100vw, 150px\" \/><\/a>\t\t\t\t<\/div>\n\t\t\t\t\t\t\t<\/div>\n\t\t<\/div>\n\t\t[vc_empty_space height=&#8221;60px&#8221;][\/vc_column][\/vc_row]<\/p>\n<\/section>","protected":false},"excerpt":{"rendered":"[vc_row][vc_column] G.Ketenci G\u00fczelbah\u00e7e Basamak ve K\u00fcpe\u015fte [vc_empty_space height=\"60px\"][\/vc_column][\/vc_row]","protected":false},"author":1,"featured_media":0,"parent":0,"menu_order":0,"comment_status":"closed","ping_status":"closed","template":"","meta":{"footnotes":""},"class_list":["post-12299","page","type-page","status-publish","hentry"],"_links":{"self":[{"href":"https:\/\/sabitmobilya.com\/index.php\/wp-json\/wp\/v2\/pages\/12299","targetHints":{"allow":["GET"]}}],"collection":[{"href":"https:\/\/sabitmobilya.com\/index.php\/wp-json\/wp\/v2\/pages"}],"about":[{"href":"https:\/\/sabitmobilya.com\/index.php\/wp-json\/wp\/v2\/types\/page"}],"author":[{"embeddable":true,"href":"https:\/\/sabitmobilya.com\/index.php\/wp-json\/wp\/v2\/users\/1"}],"replies":[{"embeddable":true,"href":"https:\/\/sabitmobilya.com\/index.php\/wp-json\/wp\/v2\/comments?post=12299"}],"version-history":[{"count":1,"href":"https:\/\/sabitmobilya.com\/index.php\/wp-json\/wp\/v2\/pages\/12299\/revisions"}],"predecessor-version":[{"id":12310,"href":"https:\/\/sabitmobilya.com\/index.php\/wp-json\/wp\/v2\/pages\/12299\/revisions\/12310"}],"wp:attachment":[{"href":"https:\/\/sabitmobilya.com\/index.php\/wp-json\/wp\/v2\/media?parent=12299"}],"curies":[{"name":"wp","href":"https:\/\/api.w.org\/{rel}","templated":true}]}}