{"id":12320,"date":"2022-10-25T11:30:36","date_gmt":"2022-10-25T08:30:36","guid":{"rendered":"https:\/\/sabitmobilya.com\/sabit\/?page_id=12320"},"modified":"2022-11-01T13:26:24","modified_gmt":"2022-11-01T10:26:24","slug":"h-b-ozyavuz-kis-bahcesi","status":"publish","type":"page","link":"https:\/\/sabitmobilya.com\/index.php\/h-b-ozyavuz-kis-bahcesi\/","title":{"rendered":"H.B.\u00d6. K\u0131\u015f Bah\u00e7esi"},"content":{"rendered":"<section class=\"wpb-content-wrapper\"><p>[vc_row][vc_column]\t\t<div class=\"ts-image-gallery-wrapper ts-shortcode   has-margin columns-5\" >\n\t\t\t\t\t\t<header class=\"shortcode-heading-wrapper\">\n\t\t\t\t<h3 class=\"heading-title\">H.B.\u00d6. K\u0131\u015f Bah\u00e7esi<\/h3>\n\t\t\t<\/header>\n\t\t\t\t\t\t<div class=\"images \">\n\t\t\t\t\t\t\t\t<div class=\"item first\">\n\t\t\t\t\t<a class=\"prettyphoto\" href=\"https:\/\/sabitmobilya.com\/wp-content\/uploads\/2022\/10\/20181106_140502.jpg\" data-rel=\"prettyPhoto[ts-gallery-2092595546]\" ><img loading=\"lazy\" decoding=\"async\" width=\"150\" height=\"150\" src=\"https:\/\/sabitmobilya.com\/wp-content\/uploads\/2022\/10\/20181106_140502-150x150.jpg\" class=\"attachment-thumbnail size-thumbnail\" alt=\"\" srcset=\"https:\/\/sabitmobilya.com\/wp-content\/uploads\/2022\/10\/20181106_140502-150x150.jpg 150w, https:\/\/sabitmobilya.com\/wp-content\/uploads\/2022\/10\/20181106_140502-400x400.jpg 400w, https:\/\/sabitmobilya.com\/wp-content\/uploads\/2022\/10\/20181106_140502-100x100.jpg 100w, https:\/\/sabitmobilya.com\/wp-content\/uploads\/2022\/10\/20181106_140502-30x30.jpg 30w, https:\/\/sabitmobilya.com\/wp-content\/uploads\/2022\/10\/20181106_140502-40x40.jpg 40w\" sizes=\"auto, (max-width: 150px) 100vw, 150px\" \/><\/a>\t\t\t\t<\/div>\n\t\t\t\t\t\t\t\t<div class=\"item \">\n\t\t\t\t\t<a class=\"prettyphoto\" href=\"https:\/\/sabitmobilya.com\/wp-content\/uploads\/2022\/10\/20181106_140508.jpg\" data-rel=\"prettyPhoto[ts-gallery-2092595546]\" ><img loading=\"lazy\" decoding=\"async\" width=\"150\" height=\"150\" src=\"https:\/\/sabitmobilya.com\/wp-content\/uploads\/2022\/10\/20181106_140508-150x150.jpg\" class=\"attachment-thumbnail size-thumbnail\" alt=\"\" srcset=\"https:\/\/sabitmobilya.com\/wp-content\/uploads\/2022\/10\/20181106_140508-150x150.jpg 150w, https:\/\/sabitmobilya.com\/wp-content\/uploads\/2022\/10\/20181106_140508-400x400.jpg 400w, https:\/\/sabitmobilya.com\/wp-content\/uploads\/2022\/10\/20181106_140508-100x100.jpg 100w, https:\/\/sabitmobilya.com\/wp-content\/uploads\/2022\/10\/20181106_140508-30x30.jpg 30w, https:\/\/sabitmobilya.com\/wp-content\/uploads\/2022\/10\/20181106_140508-40x40.jpg 40w\" sizes=\"auto, (max-width: 150px) 100vw, 150px\" \/><\/a>\t\t\t\t<\/div>\n\t\t\t\t\t\t\t\t<div class=\"item last\">\n\t\t\t\t\t<a class=\"prettyphoto\" href=\"https:\/\/sabitmobilya.com\/wp-content\/uploads\/2022\/10\/IMG-20181125-WA0045.jpg\" data-rel=\"prettyPhoto[ts-gallery-2092595546]\" ><img loading=\"lazy\" decoding=\"async\" width=\"150\" height=\"150\" src=\"https:\/\/sabitmobilya.com\/wp-content\/uploads\/2022\/10\/IMG-20181125-WA0045-150x150.jpg\" class=\"attachment-thumbnail size-thumbnail\" alt=\"\" srcset=\"https:\/\/sabitmobilya.com\/wp-content\/uploads\/2022\/10\/IMG-20181125-WA0045-150x150.jpg 150w, https:\/\/sabitmobilya.com\/wp-content\/uploads\/2022\/10\/IMG-20181125-WA0045-400x400.jpg 400w, https:\/\/sabitmobilya.com\/wp-content\/uploads\/2022\/10\/IMG-20181125-WA0045-100x100.jpg 100w, https:\/\/sabitmobilya.com\/wp-content\/uploads\/2022\/10\/IMG-20181125-WA0045-30x30.jpg 30w, https:\/\/sabitmobilya.com\/wp-content\/uploads\/2022\/10\/IMG-20181125-WA0045-40x40.jpg 40w\" sizes=\"auto, (max-width: 150px) 100vw, 150px\" \/><\/a>\t\t\t\t<\/div>\n\t\t\t\t\t\t\t<\/div>\n\t\t<\/div>\n\t\t[vc_empty_space height=&#8221;60px&#8221;][\/vc_column][\/vc_row]<\/p>\n<\/section>","protected":false},"excerpt":{"rendered":"[vc_row][vc_column] H.B.\u00d6. K\u0131\u015f Bah\u00e7esi [vc_empty_space height=\"60px\"][\/vc_column][\/vc_row]","protected":false},"author":1,"featured_media":0,"parent":0,"menu_order":0,"comment_status":"closed","ping_status":"closed","template":"","meta":{"footnotes":""},"class_list":["post-12320","page","type-page","status-publish","hentry"],"_links":{"self":[{"href":"https:\/\/sabitmobilya.com\/index.php\/wp-json\/wp\/v2\/pages\/12320","targetHints":{"allow":["GET"]}}],"collection":[{"href":"https:\/\/sabitmobilya.com\/index.php\/wp-json\/wp\/v2\/pages"}],"about":[{"href":"https:\/\/sabitmobilya.com\/index.php\/wp-json\/wp\/v2\/types\/page"}],"author":[{"embeddable":true,"href":"https:\/\/sabitmobilya.com\/index.php\/wp-json\/wp\/v2\/users\/1"}],"replies":[{"embeddable":true,"href":"https:\/\/sabitmobilya.com\/index.php\/wp-json\/wp\/v2\/comments?post=12320"}],"version-history":[{"count":3,"href":"https:\/\/sabitmobilya.com\/index.php\/wp-json\/wp\/v2\/pages\/12320\/revisions"}],"predecessor-version":[{"id":12855,"href":"https:\/\/sabitmobilya.com\/index.php\/wp-json\/wp\/v2\/pages\/12320\/revisions\/12855"}],"wp:attachment":[{"href":"https:\/\/sabitmobilya.com\/index.php\/wp-json\/wp\/v2\/media?parent=12320"}],"curies":[{"name":"wp","href":"https:\/\/api.w.org\/{rel}","templated":true}]}}