{"id":313,"date":"2014-11-01T04:12:38","date_gmt":"2014-11-01T04:12:38","guid":{"rendered":"https:\/\/sabitmobilya.com\/sabit\/?page_id=313"},"modified":"2022-11-01T11:45:36","modified_gmt":"2022-11-01T08:45:36","slug":"iletisim","status":"publish","type":"page","link":"https:\/\/sabitmobilya.com\/index.php\/iletisim\/","title":{"rendered":"\u0130leti\u015fim"},"content":{"rendered":"<section class=\"wpb-content-wrapper\"><p>[vc_row css=&#8221;.vc_custom_1494146238793{margin-bottom: 80px !important;}&#8221;][vc_column width=&#8221;7\/12&#8243;][vc_column_text]<iframe loading=\"lazy\" style=\"border: 0;\" src=\"https:\/\/www.google.com\/maps\/embed?pb=!1m18!1m12!1m3!1d3125.1862643188865!2d27.204858814694422!3d38.437166381546575!2m3!1f0!2f0!3f0!3m2!1i1024!2i768!4f13.1!3m3!1m2!1s0x14b962c368a40af7%3A0x8a8174e8cba75176!2sSabit%20Mobilya%20Dekorasyon!5e0!3m2!1str!2str!4v1666813650918!5m2!1str!2str\" width=\"100%\" height=\"450\" allowfullscreen=\"allowfullscreen\"><\/iframe>[\/vc_column_text][\/vc_column][vc_column width=&#8221;5\/12&#8243;][vc_column_text]<\/p>\n<h3>Bize Ula\u015f\u0131n<\/h3>\n<div class=\"iletisimImg\">\n<p><img loading=\"lazy\" decoding=\"async\" class=\"alignnone size-full wp-image-12755\" src=\"https:\/\/sabitmobilya.com\/wp-content\/uploads\/2022\/10\/adres.png\" alt=\"\" width=\"30\" height=\"30\" \/><b>Adres:<\/b><br \/>\nYe\u015filova, 4070. Sk. No:43, 35080 Bornova\/\u0130zmir<\/p>\n<p><img loading=\"lazy\" decoding=\"async\" class=\"alignnone size-full wp-image-12758\" src=\"https:\/\/sabitmobilya.com\/wp-content\/uploads\/2022\/10\/tel.png\" alt=\"\" width=\"30\" height=\"30\" \/><b>Telefon:<\/b><br \/>\n+90 (232) 462 76 20<\/p>\n<p><img loading=\"lazy\" decoding=\"async\" class=\"alignnone size-full wp-image-12757\" src=\"https:\/\/sabitmobilya.com\/wp-content\/uploads\/2022\/10\/mail.png\" alt=\"\" width=\"30\" height=\"30\" \/><b>E-Mail:<\/b><br \/>\ninfo@sabitmobilya.com<\/p>\n<p><img loading=\"lazy\" decoding=\"async\" class=\"alignnone size-full wp-image-12756\" src=\"https:\/\/sabitmobilya.com\/wp-content\/uploads\/2022\/10\/gsm.png\" alt=\"\" width=\"30\" height=\"30\" \/><b>GSM:<\/b><br \/>\n0542 327 2414 Niyazi Ya\u015fa<\/p>\n<p>0555 448 46 75 Selahattin Ya\u015fa<\/p>\n<p>0507 020 2690 Sabit Ya\u015fa<\/p>\n<\/div>\n<p>[\/vc_column_text][\/vc_column][\/vc_row]<\/p>\n<\/section>","protected":false},"excerpt":{"rendered":"<p>[vc_row css=&#8221;.vc_custom_1494146238793{margin-bottom: 80px !important;}&#8221;][vc_column width=&#8221;7\/12&#8243;][vc_column_text][\/vc_column_text][\/vc_column][vc_column width=&#8221;5\/12&#8243;][vc_column_text] Bize Ula\u015f\u0131n Adres: Ye\u015filova, 4070. Sk. No:43, 35080 Bornova\/\u0130zmir Telefon: +90 (232) 462 76 20 E-Mail: info@sabitmobilya.com GSM: 0542 327 2414 Niyazi Ya\u015fa 0555 448 46 75 Selahattin Ya\u015fa 0507 020 2690 Sabit Ya\u015fa [\/vc_column_text][\/vc_column][\/vc_row]<\/p>\n","protected":false},"author":1,"featured_media":0,"parent":0,"menu_order":0,"comment_status":"closed","ping_status":"open","template":"","meta":{"footnotes":""},"class_list":["post-313","page","type-page","status-publish","hentry"],"_links":{"self":[{"href":"https:\/\/sabitmobilya.com\/index.php\/wp-json\/wp\/v2\/pages\/313","targetHints":{"allow":["GET"]}}],"collection":[{"href":"https:\/\/sabitmobilya.com\/index.php\/wp-json\/wp\/v2\/pages"}],"about":[{"href":"https:\/\/sabitmobilya.com\/index.php\/wp-json\/wp\/v2\/types\/page"}],"author":[{"embeddable":true,"href":"https:\/\/sabitmobilya.com\/index.php\/wp-json\/wp\/v2\/users\/1"}],"replies":[{"embeddable":true,"href":"https:\/\/sabitmobilya.com\/index.php\/wp-json\/wp\/v2\/comments?post=313"}],"version-history":[{"count":22,"href":"https:\/\/sabitmobilya.com\/index.php\/wp-json\/wp\/v2\/pages\/313\/revisions"}],"predecessor-version":[{"id":12837,"href":"https:\/\/sabitmobilya.com\/index.php\/wp-json\/wp\/v2\/pages\/313\/revisions\/12837"}],"wp:attachment":[{"href":"https:\/\/sabitmobilya.com\/index.php\/wp-json\/wp\/v2\/media?parent=313"}],"curies":[{"name":"wp","href":"https:\/\/api.w.org\/{rel}","templated":true}]}}